{"id":3,"date":"2023-12-22T19:19:13","date_gmt":"2023-12-22T19:19:13","guid":{"rendered":"http:\/\/nesillift.com.tr\/?page_id=3"},"modified":"2023-12-22T20:07:12","modified_gmt":"2023-12-22T20:07:12","slug":"privacy-policy","status":"publish","type":"page","link":"http:\/\/nesillift.com.tr\/?page_id=3","title":{"rendered":"Vizyonumuz Ve Misyonumuz"},"content":{"rendered":"\n<ul>\n<li><strong>\u015eirket:\u00a0<\/strong>Nesil Lift<\/li>\n\n\n\n<li><strong>Misyon:&nbsp;<\/strong>M\u00fc\u015fterilerimize yard\u0131mc\u0131 olmak i\u00e7in buraday\u0131z. Bunu, stratejimizi uygulay\u0131p, benzersiz bir hizmet sunarken, m\u00fc\u015fterilerimizi memnun eden basit ve zarif teknoloji yaratma \u00e7al\u0131\u015fmalar\u0131m\u0131za \u00f6ncelik vererek yap\u0131yoruz.<\/li>\n\n\n\n<li><strong>Vizyon:<\/strong>\u00a0Asans\u00f6r Sekt\u00f6r\u00fcnde G\u00fcvenlik Ekipmanlar\u0131n\u0131 Kalite ile \u00fcreterek,Do\u011fru \u00c7\u00f6z\u00fcmlerimizi M\u00fc\u015fterilerimizle bulu\u015fturmaya \u00f6nem veriyoruz.<\/li>\n<\/ul>\n","protected":false},"excerpt":{"rendered":"","protected":false},"author":1,"featured_media":0,"parent":0,"menu_order":0,"comment_status":"closed","ping_status":"open","template":"","meta":{"footnotes":""},"_links":{"self":[{"href":"http:\/\/nesillift.com.tr\/index.php?rest_route=\/wp\/v2\/pages\/3"}],"collection":[{"href":"http:\/\/nesillift.com.tr\/index.php?rest_route=\/wp\/v2\/pages"}],"about":[{"href":"http:\/\/nesillift.com.tr\/index.php?rest_route=\/wp\/v2\/types\/page"}],"author":[{"embeddable":true,"href":"http:\/\/nesillift.com.tr\/index.php?rest_route=\/wp\/v2\/users\/1"}],"replies":[{"embeddable":true,"href":"http:\/\/nesillift.com.tr\/index.php?rest_route=%2Fwp%2Fv2%2Fcomments&post=3"}],"version-history":[{"count":3,"href":"http:\/\/nesillift.com.tr\/index.php?rest_route=\/wp\/v2\/pages\/3\/revisions"}],"predecessor-version":[{"id":87,"href":"http:\/\/nesillift.com.tr\/index.php?rest_route=\/wp\/v2\/pages\/3\/revisions\/87"}],"wp:attachment":[{"href":"http:\/\/nesillift.com.tr\/index.php?rest_route=%2Fwp%2Fv2%2Fmedia&parent=3"}],"curies":[{"name":"wp","href":"https:\/\/api.w.org\/{rel}","templated":true}]}}