{"id":21,"date":"2023-12-22T19:51:09","date_gmt":"2023-12-22T19:51:09","guid":{"rendered":"http:\/\/nesillift.com.tr\/?page_id=21"},"modified":"2025-12-27T13:15:44","modified_gmt":"2025-12-27T13:15:44","slug":"urunler","status":"publish","type":"page","link":"http:\/\/nesillift.com.tr\/?page_id=21","title":{"rendered":"\u00dcr\u00fcnler"},"content":{"rendered":"\n<figure class=\"wp-block-image size-large\"><img loading=\"lazy\" decoding=\"async\" width=\"1024\" height=\"765\" src=\"http:\/\/nesillift.com.tr\/wp-content\/uploads\/2025\/01\/Remove-bg.ai_1737399779523-1024x765.png\" alt=\"\" class=\"wp-image-107\" srcset=\"http:\/\/nesillift.com.tr\/wp-content\/uploads\/2025\/01\/Remove-bg.ai_1737399779523-1024x765.png 1024w, http:\/\/nesillift.com.tr\/wp-content\/uploads\/2025\/01\/Remove-bg.ai_1737399779523-300x224.png 300w, http:\/\/nesillift.com.tr\/wp-content\/uploads\/2025\/01\/Remove-bg.ai_1737399779523-768x574.png 768w, http:\/\/nesillift.com.tr\/wp-content\/uploads\/2025\/01\/Remove-bg.ai_1737399779523.png 1280w\" sizes=\"(max-width: 1024px) 100vw, 1024px\" \/><figcaption class=\"wp-element-caption\"><strong><mark style=\"background-color:rgba(0, 0, 0, 0)\" class=\"has-inline-color has-contrast-color\">Asans\u00f6r Montaj Freni MODEL  NEF\/9 <\/mark><\/strong> <\/figcaption><\/figure>\n\n\n\n<figure class=\"wp-block-image size-full\"><img loading=\"lazy\" decoding=\"async\" width=\"868\" height=\"760\" src=\"http:\/\/nesillift.com.tr\/wp-content\/uploads\/2025\/01\/Remove-bg.ai_1737400030781.png\" alt=\"\" class=\"wp-image-109\" srcset=\"http:\/\/nesillift.com.tr\/wp-content\/uploads\/2025\/01\/Remove-bg.ai_1737400030781.png 868w, http:\/\/nesillift.com.tr\/wp-content\/uploads\/2025\/01\/Remove-bg.ai_1737400030781-300x263.png 300w, http:\/\/nesillift.com.tr\/wp-content\/uploads\/2025\/01\/Remove-bg.ai_1737400030781-768x672.png 768w\" sizes=\"(max-width: 868px) 100vw, 868px\" \/><figcaption class=\"wp-element-caption\"><strong><mark style=\"background-color:rgba(0, 0, 0, 0)\" class=\"has-inline-color has-contrast-color\">Asans\u00f6r Montaj Freni MODEL  NEF\/9 <\/mark><\/strong> <\/figcaption><\/figure>\n\n\n\n<figure class=\"wp-block-image size-large\"><img loading=\"lazy\" decoding=\"async\" width=\"1024\" height=\"574\" src=\"http:\/\/nesillift.com.tr\/wp-content\/uploads\/2025\/01\/Remove-bg.ai_1737399911690-1024x574.png\" alt=\"\" class=\"wp-image-108\" srcset=\"http:\/\/nesillift.com.tr\/wp-content\/uploads\/2025\/01\/Remove-bg.ai_1737399911690-1024x574.png 1024w, http:\/\/nesillift.com.tr\/wp-content\/uploads\/2025\/01\/Remove-bg.ai_1737399911690-300x168.png 300w, http:\/\/nesillift.com.tr\/wp-content\/uploads\/2025\/01\/Remove-bg.ai_1737399911690-768x431.png 768w, http:\/\/nesillift.com.tr\/wp-content\/uploads\/2025\/01\/Remove-bg.ai_1737399911690.png 1280w\" sizes=\"(max-width: 1024px) 100vw, 1024px\" \/><figcaption class=\"wp-element-caption\"><strong><mark style=\"background-color:rgba(0, 0, 0, 0)\" class=\"has-inline-color has-contrast-color\">Asans\u00f6r Revizyon Freni MODEL NEF 9<\/mark><\/strong><\/figcaption><\/figure>\n\n\n\n<figure class=\"wp-block-image size-large is-resized\"><img loading=\"lazy\" decoding=\"async\" width=\"575\" height=\"1024\" src=\"http:\/\/nesillift.com.tr\/wp-content\/uploads\/2025\/01\/Remove-bg.ai_1737400222678-575x1024.png\" alt=\"\" class=\"wp-image-110\" style=\"width:620px;height:auto\" srcset=\"http:\/\/nesillift.com.tr\/wp-content\/uploads\/2025\/01\/Remove-bg.ai_1737400222678-575x1024.png 575w, http:\/\/nesillift.com.tr\/wp-content\/uploads\/2025\/01\/Remove-bg.ai_1737400222678-169x300.png 169w, http:\/\/nesillift.com.tr\/wp-content\/uploads\/2025\/01\/Remove-bg.ai_1737400222678.png 719w\" sizes=\"(max-width: 575px) 100vw, 575px\" \/><figcaption class=\"wp-element-caption\"><strong><mark style=\"background-color:rgba(0, 0, 0, 0)\" class=\"has-inline-color has-contrast-color\">MAJOR PATEN BLO\u011eU (ULTRA SESS\u0130Z YAYLI)<\/mark><\/strong><\/figcaption><\/figure>\n\n\n\n<figure class=\"wp-block-image size-full\"><img loading=\"lazy\" decoding=\"async\" width=\"426\" height=\"354\" src=\"http:\/\/nesillift.com.tr\/wp-content\/uploads\/2025\/01\/Remove-bg.ai_1737400509324.png\" alt=\"\" class=\"wp-image-113\" srcset=\"http:\/\/nesillift.com.tr\/wp-content\/uploads\/2025\/01\/Remove-bg.ai_1737400509324.png 426w, http:\/\/nesillift.com.tr\/wp-content\/uploads\/2025\/01\/Remove-bg.ai_1737400509324-300x249.png 300w\" sizes=\"(max-width: 426px) 100vw, 426px\" \/><figcaption class=\"wp-element-caption\"><strong><mark style=\"background-color:rgba(0, 0, 0, 0)\" class=\"has-inline-color has-contrast-color\">ASANS\u00d6R MAK\u0130NA MOTOR \u015eASE<\/mark><\/strong><\/figcaption><\/figure>\n\n\n\n<figure class=\"wp-block-image size-large\"><img loading=\"lazy\" decoding=\"async\" width=\"921\" height=\"1024\" src=\"http:\/\/nesillift.com.tr\/wp-content\/uploads\/2025\/01\/Remove-bg.ai_1737400577073-921x1024.png\" alt=\"\" class=\"wp-image-116\" srcset=\"http:\/\/nesillift.com.tr\/wp-content\/uploads\/2025\/01\/Remove-bg.ai_1737400577073-921x1024.png 921w, http:\/\/nesillift.com.tr\/wp-content\/uploads\/2025\/01\/Remove-bg.ai_1737400577073-270x300.png 270w, http:\/\/nesillift.com.tr\/wp-content\/uploads\/2025\/01\/Remove-bg.ai_1737400577073-768x854.png 768w, http:\/\/nesillift.com.tr\/wp-content\/uploads\/2025\/01\/Remove-bg.ai_1737400577073.png 1151w\" sizes=\"(max-width: 921px) 100vw, 921px\" \/><figcaption class=\"wp-element-caption\"><strong><mark style=\"background-color:rgba(0, 0, 0, 0)\" class=\"has-inline-color has-contrast-color\">SAB\u0130T PATEN BLO\u011eU<\/mark><\/strong><\/figcaption><\/figure>\n\n\n\n<figure class=\"wp-block-image size-large is-resized\"><img loading=\"lazy\" decoding=\"async\" width=\"771\" height=\"1024\" src=\"http:\/\/nesillift.com.tr\/wp-content\/uploads\/2025\/03\/SnapBG.ai_1742306117040-771x1024.png\" alt=\"\" class=\"wp-image-145\" style=\"width:620px;height:auto\" srcset=\"http:\/\/nesillift.com.tr\/wp-content\/uploads\/2025\/03\/SnapBG.ai_1742306117040-771x1024.png 771w, http:\/\/nesillift.com.tr\/wp-content\/uploads\/2025\/03\/SnapBG.ai_1742306117040-226x300.png 226w, http:\/\/nesillift.com.tr\/wp-content\/uploads\/2025\/03\/SnapBG.ai_1742306117040-768x1020.png 768w, http:\/\/nesillift.com.tr\/wp-content\/uploads\/2025\/03\/SnapBG.ai_1742306117040.png 964w\" sizes=\"(max-width: 771px) 100vw, 771px\" \/><figcaption class=\"wp-element-caption\"><strong><mark style=\"background-color:rgba(0, 0, 0, 0)\" class=\"has-inline-color has-contrast-color\">AYARLI PATEN BLOK M\u0130N\u00d6R<\/mark><\/strong><\/figcaption><\/figure>\n\n\n\n<figure class=\"wp-block-image size-large\"><img loading=\"lazy\" decoding=\"async\" width=\"1024\" height=\"768\" src=\"http:\/\/nesillift.com.tr\/wp-content\/uploads\/2025\/06\/dislisiz-kilitleme-1024x768.png\" alt=\"\" class=\"wp-image-150\" srcset=\"http:\/\/nesillift.com.tr\/wp-content\/uploads\/2025\/06\/dislisiz-kilitleme-1024x768.png 1024w, http:\/\/nesillift.com.tr\/wp-content\/uploads\/2025\/06\/dislisiz-kilitleme-300x225.png 300w, http:\/\/nesillift.com.tr\/wp-content\/uploads\/2025\/06\/dislisiz-kilitleme-768x576.png 768w, http:\/\/nesillift.com.tr\/wp-content\/uploads\/2025\/06\/dislisiz-kilitleme.png 1280w\" sizes=\"(max-width: 1024px) 100vw, 1024px\" \/><\/figure>\n\n\n\n<p><strong>D\u0130\u015eL\u0130S\u0130Z ASANS\u00d6R K\u0130L\u0130TLEME TERT\u0130BATI<\/strong><\/p>\n\n\n\n<figure class=\"wp-block-image size-large\"><img loading=\"lazy\" decoding=\"async\" width=\"1024\" height=\"768\" src=\"http:\/\/nesillift.com.tr\/wp-content\/uploads\/2025\/06\/WhatsApp-Image-2025-06-15-at-22.09.41-Photoroom-1024x768.png\" alt=\"\" class=\"wp-image-151\" srcset=\"http:\/\/nesillift.com.tr\/wp-content\/uploads\/2025\/06\/WhatsApp-Image-2025-06-15-at-22.09.41-Photoroom-1024x768.png 1024w, http:\/\/nesillift.com.tr\/wp-content\/uploads\/2025\/06\/WhatsApp-Image-2025-06-15-at-22.09.41-Photoroom-300x225.png 300w, http:\/\/nesillift.com.tr\/wp-content\/uploads\/2025\/06\/WhatsApp-Image-2025-06-15-at-22.09.41-Photoroom-768x576.png 768w, http:\/\/nesillift.com.tr\/wp-content\/uploads\/2025\/06\/WhatsApp-Image-2025-06-15-at-22.09.41-Photoroom.png 1280w\" sizes=\"(max-width: 1024px) 100vw, 1024px\" \/><\/figure>\n\n\n\n<p><strong>D\u0130\u015eL\u0130S\u0130Z ASANS\u00d6R K\u0130L\u0130TLEME TERT\u0130BATI<\/strong><\/p>\n\n\n\n<figure class=\"wp-block-image size-large\"><img loading=\"lazy\" decoding=\"async\" width=\"768\" height=\"1024\" src=\"http:\/\/nesillift.com.tr\/wp-content\/uploads\/2025\/07\/WhatsApp-Image-2025-07-08-at-14.41.00-Photoroom-768x1024.png\" alt=\"\" class=\"wp-image-155\" srcset=\"http:\/\/nesillift.com.tr\/wp-content\/uploads\/2025\/07\/WhatsApp-Image-2025-07-08-at-14.41.00-Photoroom-768x1024.png 768w, http:\/\/nesillift.com.tr\/wp-content\/uploads\/2025\/07\/WhatsApp-Image-2025-07-08-at-14.41.00-Photoroom-225x300.png 225w, http:\/\/nesillift.com.tr\/wp-content\/uploads\/2025\/07\/WhatsApp-Image-2025-07-08-at-14.41.00-Photoroom.png 960w\" sizes=\"(max-width: 768px) 100vw, 768px\" \/><\/figure>\n\n\n\n<p><strong>L KARGAS PATEN BLO\u011eU<\/strong><\/p>\n\n\n\n<figure class=\"wp-block-image size-large\"><img loading=\"lazy\" decoding=\"async\" width=\"768\" height=\"1024\" src=\"http:\/\/nesillift.com.tr\/wp-content\/uploads\/2025\/07\/WhatsApp-Image-2025-07-08-at-14.41.04-2-Photoroom-768x1024.png\" alt=\"\" class=\"wp-image-156\" srcset=\"http:\/\/nesillift.com.tr\/wp-content\/uploads\/2025\/07\/WhatsApp-Image-2025-07-08-at-14.41.04-2-Photoroom-768x1024.png 768w, http:\/\/nesillift.com.tr\/wp-content\/uploads\/2025\/07\/WhatsApp-Image-2025-07-08-at-14.41.04-2-Photoroom-225x300.png 225w, http:\/\/nesillift.com.tr\/wp-content\/uploads\/2025\/07\/WhatsApp-Image-2025-07-08-at-14.41.04-2-Photoroom.png 960w\" sizes=\"(max-width: 768px) 100vw, 768px\" \/><\/figure>\n\n\n\n<p><strong>L KARGAS FREN BLO\u011eU<\/strong><\/p>\n\n\n\n<figure class=\"wp-block-image size-large\"><img loading=\"lazy\" decoding=\"async\" width=\"768\" height=\"1024\" src=\"http:\/\/nesillift.com.tr\/wp-content\/uploads\/2025\/07\/WhatsApp-Image-2025-07-08-at-14.41.01-1-Photoroom-768x1024.png\" alt=\"\" class=\"wp-image-159\" srcset=\"http:\/\/nesillift.com.tr\/wp-content\/uploads\/2025\/07\/WhatsApp-Image-2025-07-08-at-14.41.01-1-Photoroom-768x1024.png 768w, http:\/\/nesillift.com.tr\/wp-content\/uploads\/2025\/07\/WhatsApp-Image-2025-07-08-at-14.41.01-1-Photoroom-225x300.png 225w, http:\/\/nesillift.com.tr\/wp-content\/uploads\/2025\/07\/WhatsApp-Image-2025-07-08-at-14.41.01-1-Photoroom.png 960w\" sizes=\"(max-width: 768px) 100vw, 768px\" \/><\/figure>\n\n\n\n<p><strong>A\u011eIRLIK PATEN BLO\u011eU<\/strong><\/p>\n\n\n\n<figure class=\"wp-block-image size-large\"><img loading=\"lazy\" decoding=\"async\" width=\"768\" height=\"1024\" src=\"http:\/\/nesillift.com.tr\/wp-content\/uploads\/2025\/07\/11-Photoroom-768x1024.png\" alt=\"\" class=\"wp-image-162\" srcset=\"http:\/\/nesillift.com.tr\/wp-content\/uploads\/2025\/07\/11-Photoroom-768x1024.png 768w, http:\/\/nesillift.com.tr\/wp-content\/uploads\/2025\/07\/11-Photoroom-225x300.png 225w, http:\/\/nesillift.com.tr\/wp-content\/uploads\/2025\/07\/11-Photoroom.png 960w\" sizes=\"(max-width: 768px) 100vw, 768px\" \/><\/figure>\n\n\n\n<p><strong>W Double 6 TON<\/strong><\/p>\n\n\n\n<figure class=\"wp-block-image size-large\"><img loading=\"lazy\" decoding=\"async\" width=\"768\" height=\"1024\" src=\"http:\/\/nesillift.com.tr\/wp-content\/uploads\/2025\/12\/WhatsApp-Image-2025-12-27-at-16.10.27-Photoroom-768x1024.png\" alt=\"\" class=\"wp-image-166\" srcset=\"http:\/\/nesillift.com.tr\/wp-content\/uploads\/2025\/12\/WhatsApp-Image-2025-12-27-at-16.10.27-Photoroom-768x1024.png 768w, http:\/\/nesillift.com.tr\/wp-content\/uploads\/2025\/12\/WhatsApp-Image-2025-12-27-at-16.10.27-Photoroom-225x300.png 225w, http:\/\/nesillift.com.tr\/wp-content\/uploads\/2025\/12\/WhatsApp-Image-2025-12-27-at-16.10.27-Photoroom.png 960w\" sizes=\"(max-width: 768px) 100vw, 768px\" \/><\/figure>\n\n\n\n<p><strong>Asans\u00f6r Montaj Freni<\/strong><\/p>\n\n\n\n<figure class=\"wp-block-image size-large\"><img loading=\"lazy\" decoding=\"async\" width=\"768\" height=\"1024\" src=\"http:\/\/nesillift.com.tr\/wp-content\/uploads\/2025\/12\/WhatsApp-Image-2025-12-27-at-16.08.56-Photoroom-768x1024.png\" alt=\"\" class=\"wp-image-167\" srcset=\"http:\/\/nesillift.com.tr\/wp-content\/uploads\/2025\/12\/WhatsApp-Image-2025-12-27-at-16.08.56-Photoroom-768x1024.png 768w, http:\/\/nesillift.com.tr\/wp-content\/uploads\/2025\/12\/WhatsApp-Image-2025-12-27-at-16.08.56-Photoroom-225x300.png 225w, http:\/\/nesillift.com.tr\/wp-content\/uploads\/2025\/12\/WhatsApp-Image-2025-12-27-at-16.08.56-Photoroom.png 960w\" sizes=\"(max-width: 768px) 100vw, 768px\" \/><\/figure>\n\n\n\n<p><strong>Asans\u00f6r Revizyon Freni<\/strong><\/p>\n","protected":false},"excerpt":{"rendered":"<p>D\u0130\u015eL\u0130S\u0130Z ASANS\u00d6R K\u0130L\u0130TLEME TERT\u0130BATI D\u0130\u015eL\u0130S\u0130Z ASANS\u00d6R K\u0130L\u0130TLEME TERT\u0130BATI L KARGAS PATEN BLO\u011eU L KARGAS FREN BLO\u011eU A\u011eIRLIK PATEN BLO\u011eU W Double 6 TON Asans\u00f6r Montaj Freni Asans\u00f6r Revizyon Freni<\/p>\n","protected":false},"author":1,"featured_media":0,"parent":0,"menu_order":0,"comment_status":"closed","ping_status":"closed","template":"","meta":{"footnotes":""},"_links":{"self":[{"href":"http:\/\/nesillift.com.tr\/index.php?rest_route=\/wp\/v2\/pages\/21"}],"collection":[{"href":"http:\/\/nesillift.com.tr\/index.php?rest_route=\/wp\/v2\/pages"}],"about":[{"href":"http:\/\/nesillift.com.tr\/index.php?rest_route=\/wp\/v2\/types\/page"}],"author":[{"embeddable":true,"href":"http:\/\/nesillift.com.tr\/index.php?rest_route=\/wp\/v2\/users\/1"}],"replies":[{"embeddable":true,"href":"http:\/\/nesillift.com.tr\/index.php?rest_route=%2Fwp%2Fv2%2Fcomments&post=21"}],"version-history":[{"count":13,"href":"http:\/\/nesillift.com.tr\/index.php?rest_route=\/wp\/v2\/pages\/21\/revisions"}],"predecessor-version":[{"id":169,"href":"http:\/\/nesillift.com.tr\/index.php?rest_route=\/wp\/v2\/pages\/21\/revisions\/169"}],"wp:attachment":[{"href":"http:\/\/nesillift.com.tr\/index.php?rest_route=%2Fwp%2Fv2%2Fmedia&parent=21"}],"curies":[{"name":"wp","href":"https:\/\/api.w.org\/{rel}","templated":true}]}}