{"id":16,"date":"2023-12-22T19:44:08","date_gmt":"2023-12-22T19:44:08","guid":{"rendered":"http:\/\/nesillift.com.tr\/?page_id=16"},"modified":"2023-12-22T19:49:07","modified_gmt":"2023-12-22T19:49:07","slug":"hakkimizda","status":"publish","type":"page","link":"http:\/\/nesillift.com.tr\/?page_id=16","title":{"rendered":"Hakk\u0131m\u0131zda"},"content":{"rendered":"\n<p>Nesil Lift Asans\u00f6r temelleri 2014 y\u0131l\u0131nda Konya\u2019da k\u00fc\u00e7\u00fck bir torna at\u00f6lyesinde faaliyetine ba\u015flam\u0131\u015ft\u0131r. . Firmam\u0131z 2014 y\u0131l\u0131nda bug\u00fcnk\u00fc bulundu\u011fu noktada b\u00fcnyesinde ba\u015flang\u0131\u00e7ta yurti\u00e7i asans\u00f6r firmalar\u0131n\u0131n ihtiya\u00e7 duydu\u011fu asans\u00f6r yedek par\u00e7a elemanlar\u0131n\u0131n imalat\u0131n\u0131 yapm\u0131\u015ft\u0131r. 2018 y\u0131l\u0131ndan itibaren Kurumsalla\u015fma ve Geli\u015fim s\u00fcrecine girmi\u015ftir.<\/p>\n\n\n\n<p> Asans\u00f6r emniyet ekipmanlar\u0131 ve S\u00fcspansiyon Malzemeleri \u00fcretimini ger\u00e7ekle\u015ftirmektedir.\u00a0\u00a0<br>Konusunda uzman bir y\u00f6netim ve \u00fcretim anlay\u0131\u015f\u0131 sergileyen Nesil Lift g\u00fcn\u00fcn ko\u015fullar\u0131na uygun tesisinde kaliteye her zaman b\u00fcy\u00fck \u00f6nem vermi\u015ftir. Y\u00fcksek kalite sistemine uygun \u00e7al\u0131\u015fmakta olan firmam\u0131z k\u00fcresel bir firma olma yolunda h\u0131zla ilerlemektedir.<br>Pazar tecr\u00fcbesi ile olu\u015fan g\u00fcven, i\u015f ahlak\u0131 ve \u00e7al\u0131\u015fma azminin yan\u0131 s\u0131ra g\u00fcn\u00fcn teknolojilerine uygun yat\u0131r\u0131mlar\u0131 ile Nesil Lift \u015f\u0131k ve estetik mekanlara kaliteli ve modern \u00fcr\u00fcnler \u00fcretmektedir.\u00a0<\/p>\n","protected":false},"excerpt":{"rendered":"<p>Nesil Lift Asans\u00f6r temelleri 2014 y\u0131l\u0131nda Konya\u2019da k\u00fc\u00e7\u00fck bir torna at\u00f6lyesinde faaliyetine ba\u015flam\u0131\u015ft\u0131r. . Firmam\u0131z 2014 y\u0131l\u0131nda bug\u00fcnk\u00fc bulundu\u011fu noktada b\u00fcnyesinde ba\u015flang\u0131\u00e7ta yurti\u00e7i asans\u00f6r firmalar\u0131n\u0131n ihtiya\u00e7 duydu\u011fu asans\u00f6r yedek par\u00e7a elemanlar\u0131n\u0131n imalat\u0131n\u0131 yapm\u0131\u015ft\u0131r. 2018 y\u0131l\u0131ndan itibaren Kurumsalla\u015fma ve Geli\u015fim s\u00fcrecine girmi\u015ftir. Asans\u00f6r emniyet ekipmanlar\u0131 ve S\u00fcspansiyon Malzemeleri \u00fcretimini ger\u00e7ekle\u015ftirmektedir.\u00a0\u00a0Konusunda uzman bir y\u00f6netim ve \u00fcretim anlay\u0131\u015f\u0131 [&hellip;]<\/p>\n","protected":false},"author":1,"featured_media":0,"parent":0,"menu_order":0,"comment_status":"closed","ping_status":"closed","template":"","meta":{"footnotes":""},"_links":{"self":[{"href":"http:\/\/nesillift.com.tr\/index.php?rest_route=\/wp\/v2\/pages\/16"}],"collection":[{"href":"http:\/\/nesillift.com.tr\/index.php?rest_route=\/wp\/v2\/pages"}],"about":[{"href":"http:\/\/nesillift.com.tr\/index.php?rest_route=\/wp\/v2\/types\/page"}],"author":[{"embeddable":true,"href":"http:\/\/nesillift.com.tr\/index.php?rest_route=\/wp\/v2\/users\/1"}],"replies":[{"embeddable":true,"href":"http:\/\/nesillift.com.tr\/index.php?rest_route=%2Fwp%2Fv2%2Fcomments&post=16"}],"version-history":[{"count":3,"href":"http:\/\/nesillift.com.tr\/index.php?rest_route=\/wp\/v2\/pages\/16\/revisions"}],"predecessor-version":[{"id":20,"href":"http:\/\/nesillift.com.tr\/index.php?rest_route=\/wp\/v2\/pages\/16\/revisions\/20"}],"wp:attachment":[{"href":"http:\/\/nesillift.com.tr\/index.php?rest_route=%2Fwp%2Fv2%2Fmedia&parent=16"}],"curies":[{"name":"wp","href":"https:\/\/api.w.org\/{rel}","templated":true}]}}