{"id":132,"date":"2025-01-20T20:06:47","date_gmt":"2025-01-20T20:06:47","guid":{"rendered":"http:\/\/nesillift.com.tr\/?page_id=132"},"modified":"2025-01-20T20:06:47","modified_gmt":"2025-01-20T20:06:47","slug":"iletisim","status":"publish","type":"page","link":"http:\/\/nesillift.com.tr\/?page_id=132","title":{"rendered":"\u0130LET\u0130\u015e\u0130M"},"content":{"rendered":"\n<p>GSM:0532 556 41 93      &#8211; 0536 201 8073<\/p>\n\n\n\n<p>EMA\u0130L:nesillift@gmail.com<\/p>\n\n\n\n<p>ADRES:Fevzi\u00e7akmak mah, 10655. Sk. No:40, 42050 Karatay\/Konya<\/p>\n","protected":false},"excerpt":{"rendered":"<p>GSM:0532 556 41 93 &#8211; 0536 201 8073 EMA\u0130L:nesillift@gmail.com ADRES:Fevzi\u00e7akmak mah, 10655. Sk. No:40, 42050 Karatay\/Konya<\/p>\n","protected":false},"author":1,"featured_media":0,"parent":0,"menu_order":0,"comment_status":"closed","ping_status":"closed","template":"","meta":{"footnotes":""},"_links":{"self":[{"href":"http:\/\/nesillift.com.tr\/index.php?rest_route=\/wp\/v2\/pages\/132"}],"collection":[{"href":"http:\/\/nesillift.com.tr\/index.php?rest_route=\/wp\/v2\/pages"}],"about":[{"href":"http:\/\/nesillift.com.tr\/index.php?rest_route=\/wp\/v2\/types\/page"}],"author":[{"embeddable":true,"href":"http:\/\/nesillift.com.tr\/index.php?rest_route=\/wp\/v2\/users\/1"}],"replies":[{"embeddable":true,"href":"http:\/\/nesillift.com.tr\/index.php?rest_route=%2Fwp%2Fv2%2Fcomments&post=132"}],"version-history":[{"count":1,"href":"http:\/\/nesillift.com.tr\/index.php?rest_route=\/wp\/v2\/pages\/132\/revisions"}],"predecessor-version":[{"id":133,"href":"http:\/\/nesillift.com.tr\/index.php?rest_route=\/wp\/v2\/pages\/132\/revisions\/133"}],"wp:attachment":[{"href":"http:\/\/nesillift.com.tr\/index.php?rest_route=%2Fwp%2Fv2%2Fmedia&parent=132"}],"curies":[{"name":"wp","href":"https:\/\/api.w.org\/{rel}","templated":true}]}}